{"id":318,"date":"2018-10-10T17:24:11","date_gmt":"2018-10-10T20:24:11","guid":{"rendered":"https:\/\/fanns.com.br\/novosite\/?page_id=318"},"modified":"2018-12-21T08:59:32","modified_gmt":"2018-12-21T11:59:32","slug":"imoveis-residenciais-em-construcao","status":"publish","type":"page","link":"https:\/\/fanns.com.br\/novosite\/empreendimentos\/imoveis-residenciais-em-construcao\/","title":{"rendered":"Im\u00f3veis Residenciais em Constru\u00e7\u00e3o"},"content":{"rendered":"","protected":false},"excerpt":{"rendered":"","protected":false},"author":1,"featured_media":0,"parent":10,"menu_order":0,"comment_status":"closed","ping_status":"closed","template":"","meta":{"footnotes":""},"class_list":["post-318","page","type-page","status-publish","hentry"],"_links":{"self":[{"href":"https:\/\/fanns.com.br\/novosite\/wp-json\/wp\/v2\/pages\/318","targetHints":{"allow":["GET"]}}],"collection":[{"href":"https:\/\/fanns.com.br\/novosite\/wp-json\/wp\/v2\/pages"}],"about":[{"href":"https:\/\/fanns.com.br\/novosite\/wp-json\/wp\/v2\/types\/page"}],"author":[{"embeddable":true,"href":"https:\/\/fanns.com.br\/novosite\/wp-json\/wp\/v2\/users\/1"}],"replies":[{"embeddable":true,"href":"https:\/\/fanns.com.br\/novosite\/wp-json\/wp\/v2\/comments?post=318"}],"version-history":[{"count":2,"href":"https:\/\/fanns.com.br\/novosite\/wp-json\/wp\/v2\/pages\/318\/revisions"}],"predecessor-version":[{"id":321,"href":"https:\/\/fanns.com.br\/novosite\/wp-json\/wp\/v2\/pages\/318\/revisions\/321"}],"up":[{"embeddable":true,"href":"https:\/\/fanns.com.br\/novosite\/wp-json\/wp\/v2\/pages\/10"}],"wp:attachment":[{"href":"https:\/\/fanns.com.br\/novosite\/wp-json\/wp\/v2\/media?parent=318"}],"curies":[{"name":"wp","href":"https:\/\/api.w.org\/{rel}","templated":true}]}}