{"id":311,"date":"2018-10-10T17:00:28","date_gmt":"2018-10-10T20:00:28","guid":{"rendered":"https:\/\/fanns.com.br\/novosite\/?page_id=311"},"modified":"2018-10-10T17:08:36","modified_gmt":"2018-10-10T20:08:36","slug":"condominios-fechados-em-construcao","status":"publish","type":"page","link":"https:\/\/fanns.com.br\/novosite\/empreendimentos\/condominios-fechados-em-construcao\/","title":{"rendered":"Condom\u00ednios Fechados em Constru\u00e7\u00e3o"},"content":{"rendered":"","protected":false},"excerpt":{"rendered":"","protected":false},"author":1,"featured_media":0,"parent":10,"menu_order":0,"comment_status":"closed","ping_status":"closed","template":"","meta":{"footnotes":""},"class_list":["post-311","page","type-page","status-publish","hentry"],"_links":{"self":[{"href":"https:\/\/fanns.com.br\/novosite\/wp-json\/wp\/v2\/pages\/311","targetHints":{"allow":["GET"]}}],"collection":[{"href":"https:\/\/fanns.com.br\/novosite\/wp-json\/wp\/v2\/pages"}],"about":[{"href":"https:\/\/fanns.com.br\/novosite\/wp-json\/wp\/v2\/types\/page"}],"author":[{"embeddable":true,"href":"https:\/\/fanns.com.br\/novosite\/wp-json\/wp\/v2\/users\/1"}],"replies":[{"embeddable":true,"href":"https:\/\/fanns.com.br\/novosite\/wp-json\/wp\/v2\/comments?post=311"}],"version-history":[{"count":1,"href":"https:\/\/fanns.com.br\/novosite\/wp-json\/wp\/v2\/pages\/311\/revisions"}],"predecessor-version":[{"id":312,"href":"https:\/\/fanns.com.br\/novosite\/wp-json\/wp\/v2\/pages\/311\/revisions\/312"}],"up":[{"embeddable":true,"href":"https:\/\/fanns.com.br\/novosite\/wp-json\/wp\/v2\/pages\/10"}],"wp:attachment":[{"href":"https:\/\/fanns.com.br\/novosite\/wp-json\/wp\/v2\/media?parent=311"}],"curies":[{"name":"wp","href":"https:\/\/api.w.org\/{rel}","templated":true}]}}