{"id":179,"date":"2018-10-08T14:05:11","date_gmt":"2018-10-08T17:05:11","guid":{"rendered":"https:\/\/fanns.com.br\/novosite\/?page_id=179"},"modified":"2018-10-10T10:46:31","modified_gmt":"2018-10-10T13:46:31","slug":"area-do-cliente","status":"publish","type":"page","link":"https:\/\/fanns.com.br\/novosite\/area-do-cliente\/","title":{"rendered":"\u00c1rea do Cliente"},"content":{"rendered":"<p>Esta \u00e1rea \u00e9 restrita aos clientes, se voc\u00ea j\u00e1 for cliente, <a href=\"https:\/\/fanns.com.br\/novosite\/login-cliente\/\" rel=\"noopener\">acesse aqui<\/a>.<br \/>Caso n\u00e3o seja nosso cliente ainda, entre em contato conosco por <a href=\"https:\/\/fanns.com.br\/novosite\/contato\/quero-comprar\/\" target=\"_blank\" rel=\"noopener\">aqui<\/a>.<\/p>","protected":false},"excerpt":{"rendered":"","protected":false},"author":1,"featured_media":0,"parent":0,"menu_order":0,"comment_status":"closed","ping_status":"closed","template":"","meta":{"footnotes":""},"class_list":["post-179","page","type-page","status-publish","hentry"],"_links":{"self":[{"href":"https:\/\/fanns.com.br\/novosite\/wp-json\/wp\/v2\/pages\/179","targetHints":{"allow":["GET"]}}],"collection":[{"href":"https:\/\/fanns.com.br\/novosite\/wp-json\/wp\/v2\/pages"}],"about":[{"href":"https:\/\/fanns.com.br\/novosite\/wp-json\/wp\/v2\/types\/page"}],"author":[{"embeddable":true,"href":"https:\/\/fanns.com.br\/novosite\/wp-json\/wp\/v2\/users\/1"}],"replies":[{"embeddable":true,"href":"https:\/\/fanns.com.br\/novosite\/wp-json\/wp\/v2\/comments?post=179"}],"version-history":[{"count":1,"href":"https:\/\/fanns.com.br\/novosite\/wp-json\/wp\/v2\/pages\/179\/revisions"}],"predecessor-version":[{"id":180,"href":"https:\/\/fanns.com.br\/novosite\/wp-json\/wp\/v2\/pages\/179\/revisions\/180"}],"wp:attachment":[{"href":"https:\/\/fanns.com.br\/novosite\/wp-json\/wp\/v2\/media?parent=179"}],"curies":[{"name":"wp","href":"https:\/\/api.w.org\/{rel}","templated":true}]}}